{"id":730,"date":"2025-06-16T11:10:06","date_gmt":"2025-06-16T08:10:06","guid":{"rendered":"https:\/\/samiraparfumeri.com\/?post_type=product&#038;p=730"},"modified":"2025-06-20T13:44:58","modified_gmt":"2025-06-20T10:44:58","slug":"paco-rabanne-fame-edp-80-ml-2","status":"publish","type":"product","link":"https:\/\/samiraparfumeri.com\/?product=paco-rabanne-fame-edp-80-ml-2","title":{"rendered":"Paco Rabanne Fame EDP 80 ML"},"content":{"rendered":"<p><strong>Paco Rabanne&#8217;\u0131n<\/strong> en \u00e7ok arzulanan yeni kad\u0131n kokusu FAME&#8217;i ke\u015ffet. Rabanne kad\u0131n\u0131n kar\u015f\u0131 konulmaz Parisli ruhunu a\u00e7\u0131\u011fa \u00e7\u0131karan FAME, kad\u0131ns\u0131l\u0131\u011f\u0131 yeni bir boyuta ta\u015f\u0131yor. Daha e\u011flenceli, daha \u015fehvetli ve \u015fimdi \u00e7ok daha g\u00fc\u00e7l\u00fc. Avangart l\u00fcks\u00fcn en \u00f6nemli \u00f6rneklerinden olan koku, yasemin, mango ve ba\u011f\u0131ml\u0131l\u0131k yaratan kremsi t\u00fcts\u00fc kar\u0131\u015f\u0131m\u0131ndan olu\u015fuyor.<\/p>\n","protected":false},"excerpt":{"rendered":"<p>Paco Rabanne&#8217;\u0131n en \u00e7ok arzulanan yeni kad\u0131n kokusu FAME&#8217;i ke\u015ffet. Rabanne kad\u0131n\u0131n kar\u015f\u0131 konulmaz Parisli ruhunu a\u00e7\u0131\u011fa \u00e7\u0131karan FAME, kad\u0131ns\u0131l\u0131\u011f\u0131 yeni bir boyuta ta\u015f\u0131yor. Daha e\u011flenceli, daha \u015fehvetli ve \u015fimdi \u00e7ok daha g\u00fc\u00e7l\u00fc. Avangart l\u00fcks\u00fcn en \u00f6nemli \u00f6rneklerinden olan koku, yasemin, mango ve ba\u011f\u0131ml\u0131l\u0131k yaratan kremsi t\u00fcts\u00fc kar\u0131\u015f\u0131m\u0131ndan olu\u015fuyor.<\/p>\n","protected":false},"featured_media":490,"comment_status":"open","ping_status":"closed","template":"","meta":{"_kad_post_transparent":"default","_kad_post_title":"","_kad_post_layout":"default","_kad_post_sidebar_id":"","_kad_post_content_style":"default","_kad_post_vertical_padding":"default","_kad_post_feature":"","_kad_post_feature_position":"","_kad_post_header":false,"_kad_post_footer":false},"product_brand":[],"product_cat":[23],"product_tag":[58,27,28,40],"class_list":{"0":"post-730","1":"product","2":"type-product","3":"status-publish","4":"has-post-thumbnail","6":"product_cat-hediye-urunler","7":"product_tag-kadin-parfum","8":"product_tag-luks-koku","9":"product_tag-orijinal-urun","10":"product_tag-paco-rabanne","12":"first","13":"instock","14":"sale","15":"taxable","16":"shipping-taxable","17":"purchasable","18":"product-type-simple","19":"entry","20":"content-bg","21":"loop-entry"},"_links":{"self":[{"href":"https:\/\/samiraparfumeri.com\/index.php?rest_route=\/wp\/v2\/product\/730","targetHints":{"allow":["GET"]}}],"collection":[{"href":"https:\/\/samiraparfumeri.com\/index.php?rest_route=\/wp\/v2\/product"}],"about":[{"href":"https:\/\/samiraparfumeri.com\/index.php?rest_route=\/wp\/v2\/types\/product"}],"replies":[{"embeddable":true,"href":"https:\/\/samiraparfumeri.com\/index.php?rest_route=%2Fwp%2Fv2%2Fcomments&post=730"}],"wp:featuredmedia":[{"embeddable":true,"href":"https:\/\/samiraparfumeri.com\/index.php?rest_route=\/wp\/v2\/media\/490"}],"wp:attachment":[{"href":"https:\/\/samiraparfumeri.com\/index.php?rest_route=%2Fwp%2Fv2%2Fmedia&parent=730"}],"wp:term":[{"taxonomy":"product_brand","embeddable":true,"href":"https:\/\/samiraparfumeri.com\/index.php?rest_route=%2Fwp%2Fv2%2Fproduct_brand&post=730"},{"taxonomy":"product_cat","embeddable":true,"href":"https:\/\/samiraparfumeri.com\/index.php?rest_route=%2Fwp%2Fv2%2Fproduct_cat&post=730"},{"taxonomy":"product_tag","embeddable":true,"href":"https:\/\/samiraparfumeri.com\/index.php?rest_route=%2Fwp%2Fv2%2Fproduct_tag&post=730"}],"curies":[{"name":"wp","href":"https:\/\/api.w.org\/{rel}","templated":true}]}}