{"id":732,"date":"2025-06-16T11:10:09","date_gmt":"2025-06-16T08:10:09","guid":{"rendered":"https:\/\/samiraparfumeri.com\/?post_type=product&#038;p=732"},"modified":"2025-06-20T13:44:42","modified_gmt":"2025-06-20T10:44:42","slug":"paco-rabanne-invictus-intense-edt-100-ml-3","status":"publish","type":"product","link":"https:\/\/samiraparfumeri.com\/?product=paco-rabanne-invictus-intense-edt-100-ml-3","title":{"rendered":"Paco Rabanne Invictus Intense EDT 100 ML"},"content":{"rendered":"<p>Efsanevi bir \u015fampiyon. Cesur, ba\u015far\u0131l\u0131, kar\u015f\u0131 konulamaz, zafer tutkunu bir erkek. T\u00fcm kad\u0131nlar\u0131n hayal etti\u011fi, fethedilemez bir kahraman\u2026 Invictus, \u015fampiyonlar\u0131n kokusu!<\/p>\n","protected":false},"excerpt":{"rendered":"<p>Efsanevi bir \u015fampiyon. Cesur, ba\u015far\u0131l\u0131, kar\u015f\u0131 konulamaz, zafer tutkunu bir erkek. T\u00fcm kad\u0131nlar\u0131n hayal etti\u011fi, fethedilemez bir kahraman\u2026 Invictus, \u015fampiyonlar\u0131n kokusu!<\/p>\n","protected":false},"featured_media":308,"comment_status":"open","ping_status":"closed","template":"","meta":{"_kad_post_transparent":"default","_kad_post_title":"","_kad_post_layout":"default","_kad_post_sidebar_id":"","_kad_post_content_style":"default","_kad_post_vertical_padding":"default","_kad_post_feature":"","_kad_post_feature_position":"","_kad_post_header":false,"_kad_post_footer":false},"product_brand":[],"product_cat":[23],"product_tag":[26,27,28,40],"class_list":{"0":"post-732","1":"product","2":"type-product","3":"status-publish","4":"has-post-thumbnail","6":"product_cat-hediye-urunler","7":"product_tag-erkek-parfum","8":"product_tag-luks-koku","9":"product_tag-orijinal-urun","10":"product_tag-paco-rabanne","12":"first","13":"instock","14":"sale","15":"taxable","16":"shipping-taxable","17":"purchasable","18":"product-type-simple","19":"entry","20":"content-bg","21":"loop-entry"},"_links":{"self":[{"href":"https:\/\/samiraparfumeri.com\/index.php?rest_route=\/wp\/v2\/product\/732","targetHints":{"allow":["GET"]}}],"collection":[{"href":"https:\/\/samiraparfumeri.com\/index.php?rest_route=\/wp\/v2\/product"}],"about":[{"href":"https:\/\/samiraparfumeri.com\/index.php?rest_route=\/wp\/v2\/types\/product"}],"replies":[{"embeddable":true,"href":"https:\/\/samiraparfumeri.com\/index.php?rest_route=%2Fwp%2Fv2%2Fcomments&post=732"}],"wp:featuredmedia":[{"embeddable":true,"href":"https:\/\/samiraparfumeri.com\/index.php?rest_route=\/wp\/v2\/media\/308"}],"wp:attachment":[{"href":"https:\/\/samiraparfumeri.com\/index.php?rest_route=%2Fwp%2Fv2%2Fmedia&parent=732"}],"wp:term":[{"taxonomy":"product_brand","embeddable":true,"href":"https:\/\/samiraparfumeri.com\/index.php?rest_route=%2Fwp%2Fv2%2Fproduct_brand&post=732"},{"taxonomy":"product_cat","embeddable":true,"href":"https:\/\/samiraparfumeri.com\/index.php?rest_route=%2Fwp%2Fv2%2Fproduct_cat&post=732"},{"taxonomy":"product_tag","embeddable":true,"href":"https:\/\/samiraparfumeri.com\/index.php?rest_route=%2Fwp%2Fv2%2Fproduct_tag&post=732"}],"curies":[{"name":"wp","href":"https:\/\/api.w.org\/{rel}","templated":true}]}}