{"id":733,"date":"2025-06-16T11:10:11","date_gmt":"2025-06-16T08:10:11","guid":{"rendered":"https:\/\/samiraparfumeri.com\/?post_type=product&#038;p=733"},"modified":"2025-06-20T13:44:35","modified_gmt":"2025-06-20T10:44:35","slug":"paco-rabanne-olympea-edp-80-ml-2","status":"publish","type":"product","link":"https:\/\/samiraparfumeri.com\/?product=paco-rabanne-olympea-edp-80-ml-2","title":{"rendered":"Paco Rabanne Olympea EDP 80 ML"},"content":{"rendered":"<div class=\"short-description\">\n<div class=\"std\">Olymp\u00e9a, kad\u0131n\u0131n g\u00fcc\u00fcn\u00fcn ve kutsall\u0131\u011f\u0131n\u0131n yans\u0131mas\u0131. O her kad\u0131n\u0131n k\u0131skand\u0131\u011f\u0131, tanr\u0131sal g\u00fczelli\u011fi ile t\u00fcm erkeklerin arzulad\u0131\u011f\u0131, e\u015fsiz, b\u00fcy\u00fcleyici, g\u00fc\u00e7l\u00fc, kutsal bir kad\u0131n. Zaferin mask\u00fclen ifadesi INVICTUS\u2019un yan\u0131nda, zaferin feminen ifadesi.<\/div>\n<\/div>\n","protected":false},"excerpt":{"rendered":"<p>Olymp\u00e9a, kad\u0131n\u0131n g\u00fcc\u00fcn\u00fcn ve kutsall\u0131\u011f\u0131n\u0131n yans\u0131mas\u0131. O her kad\u0131n\u0131n k\u0131skand\u0131\u011f\u0131, tanr\u0131sal g\u00fczelli\u011fi ile t\u00fcm erkeklerin arzulad\u0131\u011f\u0131, e\u015fsiz, b\u00fcy\u00fcleyici, g\u00fc\u00e7l\u00fc, kutsal bir kad\u0131n. Zaferin mask\u00fclen ifadesi INVICTUS\u2019un yan\u0131nda, zaferin feminen ifadesi.<\/p>\n","protected":false},"featured_media":482,"comment_status":"open","ping_status":"closed","template":"","meta":{"_kad_post_transparent":"default","_kad_post_title":"","_kad_post_layout":"default","_kad_post_sidebar_id":"","_kad_post_content_style":"default","_kad_post_vertical_padding":"default","_kad_post_feature":"","_kad_post_feature_position":"","_kad_post_header":false,"_kad_post_footer":false},"product_brand":[],"product_cat":[23],"product_tag":[58,27,28,40],"class_list":{"0":"post-733","1":"product","2":"type-product","3":"status-publish","4":"has-post-thumbnail","6":"product_cat-hediye-urunler","7":"product_tag-kadin-parfum","8":"product_tag-luks-koku","9":"product_tag-orijinal-urun","10":"product_tag-paco-rabanne","12":"first","13":"instock","14":"sale","15":"taxable","16":"shipping-taxable","17":"purchasable","18":"product-type-simple","19":"entry","20":"content-bg","21":"loop-entry"},"_links":{"self":[{"href":"https:\/\/samiraparfumeri.com\/index.php?rest_route=\/wp\/v2\/product\/733","targetHints":{"allow":["GET"]}}],"collection":[{"href":"https:\/\/samiraparfumeri.com\/index.php?rest_route=\/wp\/v2\/product"}],"about":[{"href":"https:\/\/samiraparfumeri.com\/index.php?rest_route=\/wp\/v2\/types\/product"}],"replies":[{"embeddable":true,"href":"https:\/\/samiraparfumeri.com\/index.php?rest_route=%2Fwp%2Fv2%2Fcomments&post=733"}],"wp:featuredmedia":[{"embeddable":true,"href":"https:\/\/samiraparfumeri.com\/index.php?rest_route=\/wp\/v2\/media\/482"}],"wp:attachment":[{"href":"https:\/\/samiraparfumeri.com\/index.php?rest_route=%2Fwp%2Fv2%2Fmedia&parent=733"}],"wp:term":[{"taxonomy":"product_brand","embeddable":true,"href":"https:\/\/samiraparfumeri.com\/index.php?rest_route=%2Fwp%2Fv2%2Fproduct_brand&post=733"},{"taxonomy":"product_cat","embeddable":true,"href":"https:\/\/samiraparfumeri.com\/index.php?rest_route=%2Fwp%2Fv2%2Fproduct_cat&post=733"},{"taxonomy":"product_tag","embeddable":true,"href":"https:\/\/samiraparfumeri.com\/index.php?rest_route=%2Fwp%2Fv2%2Fproduct_tag&post=733"}],"curies":[{"name":"wp","href":"https:\/\/api.w.org\/{rel}","templated":true}]}}