{"id":735,"date":"2025-06-16T11:11:33","date_gmt":"2025-06-16T08:11:33","guid":{"rendered":"https:\/\/samiraparfumeri.com\/?post_type=product&#038;p=735"},"modified":"2025-06-20T13:44:13","modified_gmt":"2025-06-20T10:44:13","slug":"parfums-de-marly-delina-edp-75-ml-2","status":"publish","type":"product","link":"https:\/\/samiraparfumeri.com\/?product=parfums-de-marly-delina-edp-75-ml-2","title":{"rendered":"Parfums De Marly Delina EDP 75 ML"},"content":{"rendered":"<div class=\"m-productDescription__infoTitle\">\u00dcr\u00fcn \u00d6zellikleri<\/div>\n<div class=\"m-productDescription__infoDesc\">Bergamot, Hindistan cevizi, Rhubarb, li\u00e7i, Petaliag, T\u00fcrk g\u00fcl\u00fc esans\u0131, Haiti G\u00fcve Otu, t\u00fcts\u00fc, sedir a\u011fac\u0131, Ambroksan, vanilya, Cashmeran, Misk otu<\/div>\n","protected":false},"excerpt":{"rendered":"<p>\u00dcr\u00fcn \u00d6zellikleri Bergamot, Hindistan cevizi, Rhubarb, li\u00e7i, Petaliag, T\u00fcrk g\u00fcl\u00fc esans\u0131, Haiti G\u00fcve Otu, t\u00fcts\u00fc, sedir a\u011fac\u0131, Ambroksan, vanilya, Cashmeran, Misk otu<\/p>\n","protected":false},"featured_media":495,"comment_status":"open","ping_status":"closed","template":"","meta":{"_kad_post_transparent":"default","_kad_post_title":"","_kad_post_layout":"default","_kad_post_sidebar_id":"","_kad_post_content_style":"default","_kad_post_vertical_padding":"default","_kad_post_feature":"","_kad_post_feature_position":"","_kad_post_header":false,"_kad_post_footer":false},"product_brand":[],"product_cat":[23],"product_tag":[58,27,28,78],"class_list":{"0":"post-735","1":"product","2":"type-product","3":"status-publish","4":"has-post-thumbnail","6":"product_cat-hediye-urunler","7":"product_tag-kadin-parfum","8":"product_tag-luks-koku","9":"product_tag-orijinal-urun","10":"product_tag-parfums-de-marly","12":"first","13":"instock","14":"sale","15":"taxable","16":"shipping-taxable","17":"purchasable","18":"product-type-simple","19":"entry","20":"content-bg","21":"loop-entry"},"_links":{"self":[{"href":"https:\/\/samiraparfumeri.com\/index.php?rest_route=\/wp\/v2\/product\/735","targetHints":{"allow":["GET"]}}],"collection":[{"href":"https:\/\/samiraparfumeri.com\/index.php?rest_route=\/wp\/v2\/product"}],"about":[{"href":"https:\/\/samiraparfumeri.com\/index.php?rest_route=\/wp\/v2\/types\/product"}],"replies":[{"embeddable":true,"href":"https:\/\/samiraparfumeri.com\/index.php?rest_route=%2Fwp%2Fv2%2Fcomments&post=735"}],"wp:featuredmedia":[{"embeddable":true,"href":"https:\/\/samiraparfumeri.com\/index.php?rest_route=\/wp\/v2\/media\/495"}],"wp:attachment":[{"href":"https:\/\/samiraparfumeri.com\/index.php?rest_route=%2Fwp%2Fv2%2Fmedia&parent=735"}],"wp:term":[{"taxonomy":"product_brand","embeddable":true,"href":"https:\/\/samiraparfumeri.com\/index.php?rest_route=%2Fwp%2Fv2%2Fproduct_brand&post=735"},{"taxonomy":"product_cat","embeddable":true,"href":"https:\/\/samiraparfumeri.com\/index.php?rest_route=%2Fwp%2Fv2%2Fproduct_cat&post=735"},{"taxonomy":"product_tag","embeddable":true,"href":"https:\/\/samiraparfumeri.com\/index.php?rest_route=%2Fwp%2Fv2%2Fproduct_tag&post=735"}],"curies":[{"name":"wp","href":"https:\/\/api.w.org\/{rel}","templated":true}]}}