{"id":737,"date":"2025-06-16T11:12:02","date_gmt":"2025-06-16T08:12:02","guid":{"rendered":"https:\/\/samiraparfumeri.com\/?post_type=product&#038;p=737"},"modified":"2025-06-20T13:44:02","modified_gmt":"2025-06-20T10:44:02","slug":"tom-ford-bitter-peach-edp-100-ml-2","status":"publish","type":"product","link":"https:\/\/samiraparfumeri.com\/?product=tom-ford-bitter-peach-edp-100-ml-2","title":{"rendered":"Tom Ford Bitter Peach EDP 100 ml"},"content":{"rendered":"<div class=\"m-productDescription__infoTitle\"><strong>\u00dcr\u00fcn \u00d6zellikleri<\/strong><\/div>\n<div class=\"m-productDescription__infoDesc\">Belirgin bir \u015fekilde tatl\u0131 ve tehlikeli bir \u015fekilde \u015fehvetli, Bitter Peach karanl\u0131\u011f\u0131n i\u00e7inde s\u00fcz\u00fcl\u00fcrken hisleri teninize yans\u0131t\u0131r<br \/>\n\u015eeftalinin ba\u015ftan \u00e7\u0131kar\u0131c\u0131 etkisini do\u011fadan ilham alarak yans\u0131t\u0131r<br \/>\nTom Ford, Private Blend ailesinin en yeni \u00fcyesi Bitter Peach&#8217;i sunar<br \/>\nBitter Peach , ba\u015ftan \u00e7\u0131kar\u0131c\u0131 cazibesini i\u00e7eri\u011findeki nektar\u0131n enerjisinden al\u0131yor<br \/>\nBa\u015ftan \u00e7\u0131kar\u0131c\u0131 tatl\u0131l\u0131\u011f\u0131 kokuya ba\u011f\u0131ml\u0131l\u0131kyap\u0131c\u0131 bir doku kazand\u0131r\u0131yor<br \/>\nBa\u015f d\u00f6nd\u00fcr\u00fcc\u00fc koku \u015feftali ve Sicilya&#8217;n\u0131n kan k\u0131rm\u0131z\u0131s\u0131 portakal ya\u011f\u0131 ile a\u00e7\u0131l\u0131yor ve bu i\u00e7erikler kokuya tatl\u0131l\u0131k kazand\u0131r\u0131yor<br \/>\nKakule ya\u011f\u0131n\u0131n baharatl\u0131 yap\u0131s\u0131yla koku ba\u015ftan \u00e7\u0131kar\u0131c\u0131 bir etki yarat\u0131r<br \/>\nKalp notas\u0131, g\u00fcne\u015f \u00e7i\u00e7e\u011fi ve Davana ya\u011f\u0131n\u0131n kar\u015f\u0131 konulmaz birle\u015fimi ile a\u00e7\u0131l\u0131yor<br \/>\nRum \u00f6z\u00fc ve Konyak ya\u011f\u0131 ile harmanlan\u0131yor<br \/>\nYasemin, zambak \u00f6z\u00fc kokunun arzulanmas\u0131n\u0131 sa\u011fl\u0131yor<br \/>\nSandal a\u011fac\u0131 \u00f6z\u00fc, benzoin ve cashmeran ile birle\u015ferek zengin bir baz notas\u0131 olu\u015fturuyor<br \/>\nI\u00e7eri\u011findeki vanilya, tonka \u00e7ekirde\u011fi \u00f6z\u00fc ve pa\u00e7uli ya\u011f\u0131 Bitter Peach&#8217;in ba\u011f\u0131ml\u0131l\u0131k yap\u0131c\u0131 etkisini artt\u0131r\u0131yor<\/div>\n","protected":false},"excerpt":{"rendered":"<p>\u00dcr\u00fcn \u00d6zellikleri Belirgin bir \u015fekilde tatl\u0131 ve tehlikeli bir \u015fekilde \u015fehvetli, Bitter Peach karanl\u0131\u011f\u0131n i\u00e7inde s\u00fcz\u00fcl\u00fcrken hisleri teninize yans\u0131t\u0131r \u015eeftalinin ba\u015ftan \u00e7\u0131kar\u0131c\u0131 etkisini do\u011fadan ilham alarak yans\u0131t\u0131r Tom Ford, Private Blend ailesinin en yeni \u00fcyesi Bitter Peach&#8217;i sunar Bitter Peach , ba\u015ftan \u00e7\u0131kar\u0131c\u0131 cazibesini i\u00e7eri\u011findeki nektar\u0131n enerjisinden al\u0131yor Ba\u015ftan \u00e7\u0131kar\u0131c\u0131 tatl\u0131l\u0131\u011f\u0131 kokuya ba\u011f\u0131ml\u0131l\u0131kyap\u0131c\u0131 bir doku&#8230;<\/p>\n","protected":false},"featured_media":376,"comment_status":"open","ping_status":"closed","template":"","meta":{"_kad_post_transparent":"default","_kad_post_title":"","_kad_post_layout":"default","_kad_post_sidebar_id":"","_kad_post_content_style":"default","_kad_post_vertical_padding":"default","_kad_post_feature":"","_kad_post_feature_position":"","_kad_post_header":false,"_kad_post_footer":false},"product_brand":[],"product_cat":[23],"product_tag":[26,58,27,28,38,59],"class_list":{"0":"post-737","1":"product","2":"type-product","3":"status-publish","4":"has-post-thumbnail","6":"product_cat-hediye-urunler","7":"product_tag-erkek-parfum","8":"product_tag-kadin-parfum","9":"product_tag-luks-koku","10":"product_tag-orijinal-urun","11":"product_tag-tom-ford","12":"product_tag-unisex","14":"first","15":"instock","16":"sale","17":"taxable","18":"shipping-taxable","19":"purchasable","20":"product-type-simple","21":"entry","22":"content-bg","23":"loop-entry"},"_links":{"self":[{"href":"https:\/\/samiraparfumeri.com\/index.php?rest_route=\/wp\/v2\/product\/737","targetHints":{"allow":["GET"]}}],"collection":[{"href":"https:\/\/samiraparfumeri.com\/index.php?rest_route=\/wp\/v2\/product"}],"about":[{"href":"https:\/\/samiraparfumeri.com\/index.php?rest_route=\/wp\/v2\/types\/product"}],"replies":[{"embeddable":true,"href":"https:\/\/samiraparfumeri.com\/index.php?rest_route=%2Fwp%2Fv2%2Fcomments&post=737"}],"wp:featuredmedia":[{"embeddable":true,"href":"https:\/\/samiraparfumeri.com\/index.php?rest_route=\/wp\/v2\/media\/376"}],"wp:attachment":[{"href":"https:\/\/samiraparfumeri.com\/index.php?rest_route=%2Fwp%2Fv2%2Fmedia&parent=737"}],"wp:term":[{"taxonomy":"product_brand","embeddable":true,"href":"https:\/\/samiraparfumeri.com\/index.php?rest_route=%2Fwp%2Fv2%2Fproduct_brand&post=737"},{"taxonomy":"product_cat","embeddable":true,"href":"https:\/\/samiraparfumeri.com\/index.php?rest_route=%2Fwp%2Fv2%2Fproduct_cat&post=737"},{"taxonomy":"product_tag","embeddable":true,"href":"https:\/\/samiraparfumeri.com\/index.php?rest_route=%2Fwp%2Fv2%2Fproduct_tag&post=737"}],"curies":[{"name":"wp","href":"https:\/\/api.w.org\/{rel}","templated":true}]}}