{"id":738,"date":"2025-06-16T11:12:04","date_gmt":"2025-06-16T08:12:04","guid":{"rendered":"https:\/\/samiraparfumeri.com\/?post_type=product&#038;p=738"},"modified":"2025-06-20T13:43:55","modified_gmt":"2025-06-20T10:43:55","slug":"tiziana-terenzi-kirke-edp-100-ml-2","status":"publish","type":"product","link":"https:\/\/samiraparfumeri.com\/?product=tiziana-terenzi-kirke-edp-100-ml-2","title":{"rendered":"Tiziana Terenzi Kirke EDP 100 ML"},"content":{"rendered":"<div class=\"m-productDescription__infoItem\">\n<div class=\"m-productDescription__infoTitle\"><strong>\u00dcr\u00fcn \u00d6zellikleri<\/strong><\/div>\n<div class=\"m-productDescription__infoDesc\">Roma\u2019n\u0131n g\u00fcneyinde bulunan Monte Circeo, gezginlerin nefesini kesecek kadar b\u00fcy\u00fcleyici bir manzara sunar<br \/>\nManzaran\u0131n kokular\u0131, s\u0131cak Kirke&#8217;de sakl\u0131<br \/>\n\u0130lham kayna\u011f\u0131 tanr\u0131\u00e7a Circeo kadar b\u00fcy\u00fcl\u00fc ve \u015fehvehli bir parf\u00fcm<br \/>\n\u00c7ark\u0131felek meyvesi, \u015feftali ve armut gibi tatl\u0131 meyvelerin bereketli buketiyle karakter kazanan koku, ahududu ve siyah Frenk \u00fcz\u00fcm\u00fcn\u00fcn marifetli simyas\u0131yla kar\u0131\u015f\u0131r<br \/>\nKusursuz heliotropin ve bask\u0131n karakterli m\u00fcge, pa\u00e7uli ve miskin g\u00fc\u00e7l\u00fc notalar\u0131yla tamamlan\u0131r<br \/>\nKoku ailesi: Meyveli, \u015fekerli<br \/>\n%30 oran\u0131nda parf\u00fcm konsantrasyonuna sahiptir<br \/>\n100 Ml<\/div>\n<\/div>\n<div class=\"m-productDescription__infoItem\"><\/div>\n","protected":false},"excerpt":{"rendered":"<p>\u00dcr\u00fcn \u00d6zellikleri Roma\u2019n\u0131n g\u00fcneyinde bulunan Monte Circeo, gezginlerin nefesini kesecek kadar b\u00fcy\u00fcleyici bir manzara sunar Manzaran\u0131n kokular\u0131, s\u0131cak Kirke&#8217;de sakl\u0131 \u0130lham kayna\u011f\u0131 tanr\u0131\u00e7a Circeo kadar b\u00fcy\u00fcl\u00fc ve \u015fehvehli bir parf\u00fcm \u00c7ark\u0131felek meyvesi, \u015feftali ve armut gibi tatl\u0131 meyvelerin bereketli buketiyle karakter kazanan koku, ahududu ve siyah Frenk \u00fcz\u00fcm\u00fcn\u00fcn marifetli simyas\u0131yla kar\u0131\u015f\u0131r Kusursuz heliotropin ve bask\u0131n&#8230;<\/p>\n","protected":false},"featured_media":380,"comment_status":"open","ping_status":"closed","template":"","meta":{"_kad_post_transparent":"default","_kad_post_title":"","_kad_post_layout":"default","_kad_post_sidebar_id":"","_kad_post_content_style":"default","_kad_post_vertical_padding":"default","_kad_post_feature":"","_kad_post_feature_position":"","_kad_post_header":false,"_kad_post_footer":false},"product_brand":[],"product_cat":[23],"product_tag":[26,58,27,28,61,59],"class_list":{"0":"post-738","1":"product","2":"type-product","3":"status-publish","4":"has-post-thumbnail","6":"product_cat-hediye-urunler","7":"product_tag-erkek-parfum","8":"product_tag-kadin-parfum","9":"product_tag-luks-koku","10":"product_tag-orijinal-urun","11":"product_tag-tiziana-terenzi","12":"product_tag-unisex","14":"first","15":"instock","16":"sale","17":"taxable","18":"shipping-taxable","19":"purchasable","20":"product-type-simple","21":"entry","22":"content-bg","23":"loop-entry"},"_links":{"self":[{"href":"https:\/\/samiraparfumeri.com\/index.php?rest_route=\/wp\/v2\/product\/738","targetHints":{"allow":["GET"]}}],"collection":[{"href":"https:\/\/samiraparfumeri.com\/index.php?rest_route=\/wp\/v2\/product"}],"about":[{"href":"https:\/\/samiraparfumeri.com\/index.php?rest_route=\/wp\/v2\/types\/product"}],"replies":[{"embeddable":true,"href":"https:\/\/samiraparfumeri.com\/index.php?rest_route=%2Fwp%2Fv2%2Fcomments&post=738"}],"wp:featuredmedia":[{"embeddable":true,"href":"https:\/\/samiraparfumeri.com\/index.php?rest_route=\/wp\/v2\/media\/380"}],"wp:attachment":[{"href":"https:\/\/samiraparfumeri.com\/index.php?rest_route=%2Fwp%2Fv2%2Fmedia&parent=738"}],"wp:term":[{"taxonomy":"product_brand","embeddable":true,"href":"https:\/\/samiraparfumeri.com\/index.php?rest_route=%2Fwp%2Fv2%2Fproduct_brand&post=738"},{"taxonomy":"product_cat","embeddable":true,"href":"https:\/\/samiraparfumeri.com\/index.php?rest_route=%2Fwp%2Fv2%2Fproduct_cat&post=738"},{"taxonomy":"product_tag","embeddable":true,"href":"https:\/\/samiraparfumeri.com\/index.php?rest_route=%2Fwp%2Fv2%2Fproduct_tag&post=738"}],"curies":[{"name":"wp","href":"https:\/\/api.w.org\/{rel}","templated":true}]}}