{"id":745,"date":"2025-06-16T11:18:46","date_gmt":"2025-06-16T08:18:46","guid":{"rendered":"https:\/\/samiraparfumeri.com\/?post_type=product&#038;p=745"},"modified":"2025-06-20T13:43:00","modified_gmt":"2025-06-20T10:43:00","slug":"versace-eros-edp-100-ml-2","status":"publish","type":"product","link":"https:\/\/samiraparfumeri.com\/?product=versace-eros-edp-100-ml-2","title":{"rendered":"Versace Eros EDP 100 ML"},"content":{"rendered":"<div class=\"ui-dialog ui-corner-all ui-widget ui-widget-content ui-front product-infos-modal-popup\" tabindex=\"-1\" role=\"dialog\" aria-describedby=\"product-description-dialog-container\" aria-labelledby=\"ui-id-2\">\n<div id=\"product-description-dialog-container\" class=\"dialog-content ui-dialog-content ui-widget-content\">\n<div id=\"product-infos-content\" class=\"infos-block\">\n<div class=\"pdp-description selected-body-content\">\n<div class=\"description-content product-description-box\">\n<div class=\"description-ellipsis-wrapper\">Yunan tanr\u0131lar\u0131ndan ilham alan Versace Eros t\u0131pk\u0131 bir Yunan tanr\u0131s\u0131 gibi kahramanl\u0131k yapan ve tutkulu bir adam\u0131 d\u00fc\u015f\u00fcnerek tasarland\u0131. G\u00fcc\u00fc ve duygusall\u0131\u011f\u0131 betimleyen ve vurgulayan bu koku sizi b\u00fcy\u00fcleyecek.<\/div>\n<\/div>\n<\/div>\n<\/div>\n<\/div>\n<\/div>\n","protected":false},"excerpt":{"rendered":"<p>Yunan tanr\u0131lar\u0131ndan ilham alan Versace Eros t\u0131pk\u0131 bir Yunan tanr\u0131s\u0131 gibi kahramanl\u0131k yapan ve tutkulu bir adam\u0131 d\u00fc\u015f\u00fcnerek tasarland\u0131. G\u00fcc\u00fc ve duygusall\u0131\u011f\u0131 betimleyen ve vurgulayan bu koku sizi b\u00fcy\u00fcleyecek.<\/p>\n","protected":false},"featured_media":321,"comment_status":"open","ping_status":"closed","template":"","meta":{"_kad_post_transparent":"default","_kad_post_title":"","_kad_post_layout":"default","_kad_post_sidebar_id":"","_kad_post_content_style":"default","_kad_post_vertical_padding":"default","_kad_post_feature":"","_kad_post_feature_position":"","_kad_post_header":false,"_kad_post_footer":false},"product_brand":[],"product_cat":[23],"product_tag":[26,27,28,42],"class_list":{"0":"post-745","1":"product","2":"type-product","3":"status-publish","4":"has-post-thumbnail","6":"product_cat-hediye-urunler","7":"product_tag-erkek-parfum","8":"product_tag-luks-koku","9":"product_tag-orijinal-urun","10":"product_tag-versace","12":"first","13":"instock","14":"sale","15":"taxable","16":"shipping-taxable","17":"purchasable","18":"product-type-simple","19":"entry","20":"content-bg","21":"loop-entry"},"_links":{"self":[{"href":"https:\/\/samiraparfumeri.com\/index.php?rest_route=\/wp\/v2\/product\/745","targetHints":{"allow":["GET"]}}],"collection":[{"href":"https:\/\/samiraparfumeri.com\/index.php?rest_route=\/wp\/v2\/product"}],"about":[{"href":"https:\/\/samiraparfumeri.com\/index.php?rest_route=\/wp\/v2\/types\/product"}],"replies":[{"embeddable":true,"href":"https:\/\/samiraparfumeri.com\/index.php?rest_route=%2Fwp%2Fv2%2Fcomments&post=745"}],"wp:featuredmedia":[{"embeddable":true,"href":"https:\/\/samiraparfumeri.com\/index.php?rest_route=\/wp\/v2\/media\/321"}],"wp:attachment":[{"href":"https:\/\/samiraparfumeri.com\/index.php?rest_route=%2Fwp%2Fv2%2Fmedia&parent=745"}],"wp:term":[{"taxonomy":"product_brand","embeddable":true,"href":"https:\/\/samiraparfumeri.com\/index.php?rest_route=%2Fwp%2Fv2%2Fproduct_brand&post=745"},{"taxonomy":"product_cat","embeddable":true,"href":"https:\/\/samiraparfumeri.com\/index.php?rest_route=%2Fwp%2Fv2%2Fproduct_cat&post=745"},{"taxonomy":"product_tag","embeddable":true,"href":"https:\/\/samiraparfumeri.com\/index.php?rest_route=%2Fwp%2Fv2%2Fproduct_tag&post=745"}],"curies":[{"name":"wp","href":"https:\/\/api.w.org\/{rel}","templated":true}]}}