{"id":746,"date":"2025-06-16T11:18:47","date_gmt":"2025-06-16T08:18:47","guid":{"rendered":"https:\/\/samiraparfumeri.com\/?post_type=product&#038;p=746"},"modified":"2025-06-20T13:42:51","modified_gmt":"2025-06-20T10:42:51","slug":"victoria-secret-bombshell-100-ml-2","status":"publish","type":"product","link":"https:\/\/samiraparfumeri.com\/?product=victoria-secret-bombshell-100-ml-2","title":{"rendered":"Victoria Secret Bombshell 100 ML"},"content":{"rendered":"<p><strong>\u00dcr\u00fcn \u00d6zellikleri<\/strong><\/p>\n<p>Her kad\u0131n\u0131n i\u00e7inde bir Bombshell vard\u0131r. \u00a0\u00d6zg\u00fcvenli, cesur, taze \u015fakay\u0131k ve g\u00fcn bat\u0131m\u0131 g\u00fcne\u015finin \u0131\u015f\u0131lt\u0131l\u0131 bir kar\u0131\u015f\u0131m\u0131. Turun\u00e7gil notalar\u0131 ve Brezilya Mor \u00c7ark\u0131felek Meyvesi, Bombshell\u2019i parlak egzotik \u0131\u015f\u0131lt\u0131larla harekete ge\u00e7iriyor. Kokunun kalbinde, Bombshell\u2019in ikonik \u00e7i\u00e7e\u011fi olan Tibet\u2019ten Shangri-la \u015eakay\u0131k var. Madagaskar Vanilya Orkidesi de kremsi ve ho\u015f bir \u00f6zellik kat\u0131yor. \u0130talyan G\u00fcne\u015fle Bulu\u015fmu\u015f \u00c7am ise, Bombshell\u2019e e\u015fsiz aromatik dokunu\u015funu veriyor. Eskiden erkeksi kokulara ayr\u0131lm\u0131\u015f, fakat Bombshell\u2019in yarat\u0131lmas\u0131yla kad\u0131nlar i\u00e7in \u00f6nc\u00fc olmu\u015f bu nota, g\u00fcn bat\u0131m\u0131 g\u00fcne\u015finin Ligurya \u00c7am\u0131n\u0131 \u0131s\u0131tt\u0131\u011f\u0131 anda \u00f6ne \u00e7\u0131k\u0131yor.<\/p>\n","protected":false},"excerpt":{"rendered":"<p>\u00dcr\u00fcn \u00d6zellikleri Her kad\u0131n\u0131n i\u00e7inde bir Bombshell vard\u0131r. \u00a0\u00d6zg\u00fcvenli, cesur, taze \u015fakay\u0131k ve g\u00fcn bat\u0131m\u0131 g\u00fcne\u015finin \u0131\u015f\u0131lt\u0131l\u0131 bir kar\u0131\u015f\u0131m\u0131. Turun\u00e7gil notalar\u0131 ve Brezilya Mor \u00c7ark\u0131felek Meyvesi, Bombshell\u2019i parlak egzotik \u0131\u015f\u0131lt\u0131larla harekete ge\u00e7iriyor. Kokunun kalbinde, Bombshell\u2019in ikonik \u00e7i\u00e7e\u011fi olan Tibet\u2019ten Shangri-la \u015eakay\u0131k var. Madagaskar Vanilya Orkidesi de kremsi ve ho\u015f bir \u00f6zellik kat\u0131yor. \u0130talyan G\u00fcne\u015fle Bulu\u015fmu\u015f&#8230;<\/p>\n","protected":false},"featured_media":462,"comment_status":"open","ping_status":"closed","template":"","meta":{"_kad_post_transparent":"default","_kad_post_title":"","_kad_post_layout":"default","_kad_post_sidebar_id":"","_kad_post_content_style":"default","_kad_post_vertical_padding":"default","_kad_post_feature":"","_kad_post_feature_position":"","_kad_post_header":false,"_kad_post_footer":false},"product_brand":[],"product_cat":[23],"product_tag":[58,27,28,73],"class_list":{"0":"post-746","1":"product","2":"type-product","3":"status-publish","4":"has-post-thumbnail","6":"product_cat-hediye-urunler","7":"product_tag-kadin-parfum","8":"product_tag-luks-koku","9":"product_tag-orijinal-urun","10":"product_tag-victoria-secret","12":"first","13":"instock","14":"sale","15":"taxable","16":"shipping-taxable","17":"purchasable","18":"product-type-simple","19":"entry","20":"content-bg","21":"loop-entry"},"_links":{"self":[{"href":"https:\/\/samiraparfumeri.com\/index.php?rest_route=\/wp\/v2\/product\/746","targetHints":{"allow":["GET"]}}],"collection":[{"href":"https:\/\/samiraparfumeri.com\/index.php?rest_route=\/wp\/v2\/product"}],"about":[{"href":"https:\/\/samiraparfumeri.com\/index.php?rest_route=\/wp\/v2\/types\/product"}],"replies":[{"embeddable":true,"href":"https:\/\/samiraparfumeri.com\/index.php?rest_route=%2Fwp%2Fv2%2Fcomments&post=746"}],"wp:featuredmedia":[{"embeddable":true,"href":"https:\/\/samiraparfumeri.com\/index.php?rest_route=\/wp\/v2\/media\/462"}],"wp:attachment":[{"href":"https:\/\/samiraparfumeri.com\/index.php?rest_route=%2Fwp%2Fv2%2Fmedia&parent=746"}],"wp:term":[{"taxonomy":"product_brand","embeddable":true,"href":"https:\/\/samiraparfumeri.com\/index.php?rest_route=%2Fwp%2Fv2%2Fproduct_brand&post=746"},{"taxonomy":"product_cat","embeddable":true,"href":"https:\/\/samiraparfumeri.com\/index.php?rest_route=%2Fwp%2Fv2%2Fproduct_cat&post=746"},{"taxonomy":"product_tag","embeddable":true,"href":"https:\/\/samiraparfumeri.com\/index.php?rest_route=%2Fwp%2Fv2%2Fproduct_tag&post=746"}],"curies":[{"name":"wp","href":"https:\/\/api.w.org\/{rel}","templated":true}]}}