{"id":748,"date":"2025-06-16T11:19:35","date_gmt":"2025-06-16T08:19:35","guid":{"rendered":"https:\/\/samiraparfumeri.com\/?post_type=product&#038;p=748"},"modified":"2025-06-20T13:38:56","modified_gmt":"2025-06-20T10:38:56","slug":"xerjoff-erba-pura-edp100-ml-2","status":"publish","type":"product","link":"https:\/\/samiraparfumeri.com\/?product=xerjoff-erba-pura-edp100-ml-2","title":{"rendered":"Xerjoff Erba Pura EDP100 ML"},"content":{"rendered":"<div class=\"m-productDescription__infoTitle\"><strong>\u00dcr\u00fcn \u00d6zellikleri<\/strong><\/div>\n<div class=\"m-productDescription__infoDesc\">Saf zarafetin tan\u0131m\u0131 Accento Overdose, sizi yeni duygular ke\u015ffetmeye do\u011fru bir yolculu\u011fa \u00e7\u0131kar\u0131yor<br \/>\nYe\u015fil ve \u00e7i\u00e7eksi notalarla a\u00e7\u0131lan parf\u00fcm, yasemin, Bulgar g\u00fcl\u00fc ve m\u00fcgeyle romantik bir karakter kazan\u0131yor<br \/>\nAromatik yo\u011funlu\u011fu ile dikkat \u00e7eken parf\u00fcm\u00fcn sihri, g\u00f6z kama\u015ft\u0131r\u0131c\u0131 g\u00fczellikteki alt\u0131n \u015fi\u015fe i\u00e7inde sakl\u0131<br \/>\n\u00dcst Notalar: Sicilya\u2019dan Portakal ve Limon, Calabria\u2018dan Bergamot<br \/>\nOrta Notalar: Akdeniz\u2019den Meyve Sepeti<br \/>\nAlt Notalar: Beyaz Misk, Amber ve Madagaskar\u2019dan Vanilya Tohumu<\/div>\n","protected":false},"excerpt":{"rendered":"<p>\u00dcr\u00fcn \u00d6zellikleri Saf zarafetin tan\u0131m\u0131 Accento Overdose, sizi yeni duygular ke\u015ffetmeye do\u011fru bir yolculu\u011fa \u00e7\u0131kar\u0131yor Ye\u015fil ve \u00e7i\u00e7eksi notalarla a\u00e7\u0131lan parf\u00fcm, yasemin, Bulgar g\u00fcl\u00fc ve m\u00fcgeyle romantik bir karakter kazan\u0131yor Aromatik yo\u011funlu\u011fu ile dikkat \u00e7eken parf\u00fcm\u00fcn sihri, g\u00f6z kama\u015ft\u0131r\u0131c\u0131 g\u00fczellikteki alt\u0131n \u015fi\u015fe i\u00e7inde sakl\u0131 \u00dcst Notalar: Sicilya\u2019dan Portakal ve Limon, Calabria\u2018dan Bergamot Orta Notalar: Akdeniz\u2019den&#8230;<\/p>\n","protected":false},"featured_media":399,"comment_status":"open","ping_status":"closed","template":"","meta":{"_kad_post_transparent":"default","_kad_post_title":"","_kad_post_layout":"default","_kad_post_sidebar_id":"","_kad_post_content_style":"default","_kad_post_vertical_padding":"default","_kad_post_feature":"","_kad_post_feature_position":"","_kad_post_header":false,"_kad_post_footer":false},"product_brand":[],"product_cat":[23],"product_tag":[26,58,27,28,59,63],"class_list":{"0":"post-748","1":"product","2":"type-product","3":"status-publish","4":"has-post-thumbnail","6":"product_cat-hediye-urunler","7":"product_tag-erkek-parfum","8":"product_tag-kadin-parfum","9":"product_tag-luks-koku","10":"product_tag-orijinal-urun","11":"product_tag-unisex","12":"product_tag-xerjoff","14":"first","15":"instock","16":"sale","17":"taxable","18":"shipping-taxable","19":"purchasable","20":"product-type-simple","21":"entry","22":"content-bg","23":"loop-entry"},"_links":{"self":[{"href":"https:\/\/samiraparfumeri.com\/index.php?rest_route=\/wp\/v2\/product\/748","targetHints":{"allow":["GET"]}}],"collection":[{"href":"https:\/\/samiraparfumeri.com\/index.php?rest_route=\/wp\/v2\/product"}],"about":[{"href":"https:\/\/samiraparfumeri.com\/index.php?rest_route=\/wp\/v2\/types\/product"}],"replies":[{"embeddable":true,"href":"https:\/\/samiraparfumeri.com\/index.php?rest_route=%2Fwp%2Fv2%2Fcomments&post=748"}],"wp:featuredmedia":[{"embeddable":true,"href":"https:\/\/samiraparfumeri.com\/index.php?rest_route=\/wp\/v2\/media\/399"}],"wp:attachment":[{"href":"https:\/\/samiraparfumeri.com\/index.php?rest_route=%2Fwp%2Fv2%2Fmedia&parent=748"}],"wp:term":[{"taxonomy":"product_brand","embeddable":true,"href":"https:\/\/samiraparfumeri.com\/index.php?rest_route=%2Fwp%2Fv2%2Fproduct_brand&post=748"},{"taxonomy":"product_cat","embeddable":true,"href":"https:\/\/samiraparfumeri.com\/index.php?rest_route=%2Fwp%2Fv2%2Fproduct_cat&post=748"},{"taxonomy":"product_tag","embeddable":true,"href":"https:\/\/samiraparfumeri.com\/index.php?rest_route=%2Fwp%2Fv2%2Fproduct_tag&post=748"}],"curies":[{"name":"wp","href":"https:\/\/api.w.org\/{rel}","templated":true}]}}