{"id":749,"date":"2025-06-16T11:19:36","date_gmt":"2025-06-16T08:19:36","guid":{"rendered":"https:\/\/samiraparfumeri.com\/?post_type=product&#038;p=749"},"modified":"2025-06-20T13:38:47","modified_gmt":"2025-06-20T10:38:47","slug":"xerjoff-more-than-words-edp-100-ml-2","status":"publish","type":"product","link":"https:\/\/samiraparfumeri.com\/?product=xerjoff-more-than-words-edp-100-ml-2","title":{"rendered":"Xerjoff More Than Words EDP 100 ML"},"content":{"rendered":"<p><strong>\u00dcr\u00fcn \u00d6zellikleri<\/strong><br \/>\n\u015e\u0130\u0130R KUL\u00dcB\u00dc; \u015fair ve yazarlar\u0131n hayat\u0131m\u0131z\u0131 renklendiren d\u00fcnyas\u0131ndan ilham al\u0131r<br \/>\nBask\u0131n karakterdeki odunsu ve dumanl\u0131 notalarla birle\u015fen meyveli ve tatl\u0131 ba\u015flang\u0131ca sahip olan bu koku, z\u0131tl\u0131klar\u0131 bulu\u015fturan mevyeli ve oryantal notalar\u0131n \u015fehvetli ve samimi derinli\u011fine sahiptir<\/p>\n","protected":false},"excerpt":{"rendered":"<p>\u00dcr\u00fcn \u00d6zellikleri \u015e\u0130\u0130R KUL\u00dcB\u00dc; \u015fair ve yazarlar\u0131n hayat\u0131m\u0131z\u0131 renklendiren d\u00fcnyas\u0131ndan ilham al\u0131r Bask\u0131n karakterdeki odunsu ve dumanl\u0131 notalarla birle\u015fen meyveli ve tatl\u0131 ba\u015flang\u0131ca sahip olan bu koku, z\u0131tl\u0131klar\u0131 bulu\u015fturan mevyeli ve oryantal notalar\u0131n \u015fehvetli ve samimi derinli\u011fine sahiptir<\/p>\n","protected":false},"featured_media":396,"comment_status":"open","ping_status":"closed","template":"","meta":{"_kad_post_transparent":"default","_kad_post_title":"","_kad_post_layout":"default","_kad_post_sidebar_id":"","_kad_post_content_style":"default","_kad_post_vertical_padding":"default","_kad_post_feature":"","_kad_post_feature_position":"","_kad_post_header":false,"_kad_post_footer":false},"product_brand":[],"product_cat":[23],"product_tag":[26,58,27,28,59,63],"class_list":{"0":"post-749","1":"product","2":"type-product","3":"status-publish","4":"has-post-thumbnail","6":"product_cat-hediye-urunler","7":"product_tag-erkek-parfum","8":"product_tag-kadin-parfum","9":"product_tag-luks-koku","10":"product_tag-orijinal-urun","11":"product_tag-unisex","12":"product_tag-xerjoff","14":"first","15":"instock","16":"sale","17":"taxable","18":"shipping-taxable","19":"purchasable","20":"product-type-simple","21":"entry","22":"content-bg","23":"loop-entry"},"_links":{"self":[{"href":"https:\/\/samiraparfumeri.com\/index.php?rest_route=\/wp\/v2\/product\/749","targetHints":{"allow":["GET"]}}],"collection":[{"href":"https:\/\/samiraparfumeri.com\/index.php?rest_route=\/wp\/v2\/product"}],"about":[{"href":"https:\/\/samiraparfumeri.com\/index.php?rest_route=\/wp\/v2\/types\/product"}],"replies":[{"embeddable":true,"href":"https:\/\/samiraparfumeri.com\/index.php?rest_route=%2Fwp%2Fv2%2Fcomments&post=749"}],"wp:featuredmedia":[{"embeddable":true,"href":"https:\/\/samiraparfumeri.com\/index.php?rest_route=\/wp\/v2\/media\/396"}],"wp:attachment":[{"href":"https:\/\/samiraparfumeri.com\/index.php?rest_route=%2Fwp%2Fv2%2Fmedia&parent=749"}],"wp:term":[{"taxonomy":"product_brand","embeddable":true,"href":"https:\/\/samiraparfumeri.com\/index.php?rest_route=%2Fwp%2Fv2%2Fproduct_brand&post=749"},{"taxonomy":"product_cat","embeddable":true,"href":"https:\/\/samiraparfumeri.com\/index.php?rest_route=%2Fwp%2Fv2%2Fproduct_cat&post=749"},{"taxonomy":"product_tag","embeddable":true,"href":"https:\/\/samiraparfumeri.com\/index.php?rest_route=%2Fwp%2Fv2%2Fproduct_tag&post=749"}],"curies":[{"name":"wp","href":"https:\/\/api.w.org\/{rel}","templated":true}]}}