{"id":752,"date":"2025-06-16T11:20:28","date_gmt":"2025-06-16T08:20:28","guid":{"rendered":"https:\/\/samiraparfumeri.com\/?post_type=product&#038;p=752"},"modified":"2025-06-20T13:36:55","modified_gmt":"2025-06-20T10:36:55","slug":"yves-saint-laurent-libre-edp-90-ml-2","status":"publish","type":"product","link":"https:\/\/samiraparfumeri.com\/?product=yves-saint-laurent-libre-edp-90-ml-2","title":{"rendered":"Yves Saint Laurent Libre EDP 90 ML"},"content":{"rendered":"<p style=\"font-weight: 400;\"><strong>Koku Hakk\u0131nda:<\/strong> \u00d6zg\u00fcrl\u00fc\u011f\u00fcn bir kutlamas\u0131 olan bu c\u00fcretkar ancak belirgin \u00e7i\u00e7eksi ve kad\u0131ns\u0131 koku, istedi\u011fini yapan ve tam olarak kendisi olmaya cesaret edenler i\u00e7indir. S\u0131n\u0131rlar\u0131 y\u0131kan ve kendi yolunu \u00e7izen bu kad\u0131n parf\u00fcm\u00fc, cesur ve \u00f6zg\u00fcrlerden ilham alm\u0131\u015ft\u0131r.<\/p>\n<p style=\"font-weight: 400;\"><strong>\u015ei\u015fe Hakk\u0131nda:<\/strong> Bu \u00f6zel tasar\u0131m yeniden doldurulabilir parf\u00fcm \u015fi\u015fesi, cama bir m\u00fccevher gibi sabitlenmi\u015f b\u00fcy\u00fck alt\u0131n renkli Cassandre logosu, seksi alt\u0131n zincirler ve siyah lake bir kapa\u011fa sahiptir.<\/p>\n<p style=\"font-weight: 400;\">De\u011fer ve s\u00fcrd\u00fcr\u00fclebilirli\u011fin bir ifadesi olan Libre \u015fi\u015fenizi art\u0131k sonsuza dek saklayabilir ve evde 100 ml&#8217;lik doldurma \u015fi\u015fesiyle doldurabilirsiniz. 100 ml&#8217;lik doldurma \u015fi\u015fesi, d\u0131\u015f ambalaj\u0131nda &#8220;doldurulabilir&#8221; ibaresi bulunan 10 ml, 30 ml, 50 ml ve 90 ml&#8217;lik \u015fi\u015felerle uyumludur. Doldurma, %41<i><em>(1)<\/em><\/i>\u00a0cam, %67<i><em>(1)<\/em><\/i>\u00a0metal ve %38<i><em>(1)<\/em><\/i>\u00a0plastik tasarrufu sa\u011flar.<\/p>\n<p style=\"font-weight: 400;\">(1)Hesaplama, 1 adet doldurulabilir 50 ml&#8217;lik \u015fi\u015fe + 1 adet 100 ml&#8217;lik doldurma \u015fi\u015fesi ile 3 adet klasik doldurulamayan 50 ml&#8217;lik \u015fi\u015fenin kar\u015f\u0131la\u015ft\u0131r\u0131lmas\u0131na g\u00f6re yap\u0131lm\u0131\u015ft\u0131r.<\/p>\n<p style=\"font-weight: 400;\"><strong>Koku Tan\u0131m\u0131:<\/strong> Frans\u0131z lavanta esans\u0131n\u0131n ba\u015ftan \u00e7\u0131kar\u0131c\u0131 Fas portakal \u00e7i\u00e7e\u011fi ve cesur misk akorlar\u0131n\u0131n birle\u015ferek benzersiz ve kal\u0131c\u0131 bir parf\u00fcm yaratt\u0131\u011f\u0131, kad\u0131nlar i\u00e7in cesur, \u00e7i\u00e7eksi bir parf\u00fcm.<\/p>\n<p style=\"font-weight: 400;\"><strong>Koku Ailesi:<\/strong> \u00c7i\u00e7eksi<\/p>\n<p style=\"font-weight: 400;\"><strong>Koku T\u00fcr\u00fc:<\/strong> S\u0131cak \u00c7i\u00e7eksi<\/p>\n<p style=\"font-weight: 400;\"><strong>Temel Notalar:<\/strong> Lavanta, Portakal \u00c7i\u00e7e\u011fi, Misk Akoru<\/p>\n","protected":false},"excerpt":{"rendered":"<p>Koku Hakk\u0131nda: \u00d6zg\u00fcrl\u00fc\u011f\u00fcn bir kutlamas\u0131 olan bu c\u00fcretkar ancak belirgin \u00e7i\u00e7eksi ve kad\u0131ns\u0131 koku, istedi\u011fini yapan ve tam olarak kendisi olmaya cesaret edenler i\u00e7indir. S\u0131n\u0131rlar\u0131 y\u0131kan ve kendi yolunu \u00e7izen bu kad\u0131n parf\u00fcm\u00fc, cesur ve \u00f6zg\u00fcrlerden ilham alm\u0131\u015ft\u0131r. \u015ei\u015fe Hakk\u0131nda: Bu \u00f6zel tasar\u0131m yeniden doldurulabilir parf\u00fcm \u015fi\u015fesi, cama bir m\u00fccevher gibi sabitlenmi\u015f b\u00fcy\u00fck alt\u0131n renkli&#8230;<\/p>\n","protected":false},"featured_media":416,"comment_status":"open","ping_status":"closed","template":"","meta":{"_kad_post_transparent":"default","_kad_post_title":"","_kad_post_layout":"default","_kad_post_sidebar_id":"","_kad_post_content_style":"default","_kad_post_vertical_padding":"default","_kad_post_feature":"","_kad_post_feature_position":"","_kad_post_header":false,"_kad_post_footer":false},"product_brand":[],"product_cat":[23],"product_tag":[58,27,28,67],"class_list":{"0":"post-752","1":"product","2":"type-product","3":"status-publish","4":"has-post-thumbnail","6":"product_cat-hediye-urunler","7":"product_tag-kadin-parfum","8":"product_tag-luks-koku","9":"product_tag-orijinal-urun","10":"product_tag-yves-saint-laurent","12":"first","13":"instock","14":"sale","15":"taxable","16":"shipping-taxable","17":"purchasable","18":"product-type-simple","19":"entry","20":"content-bg","21":"loop-entry"},"_links":{"self":[{"href":"https:\/\/samiraparfumeri.com\/index.php?rest_route=\/wp\/v2\/product\/752","targetHints":{"allow":["GET"]}}],"collection":[{"href":"https:\/\/samiraparfumeri.com\/index.php?rest_route=\/wp\/v2\/product"}],"about":[{"href":"https:\/\/samiraparfumeri.com\/index.php?rest_route=\/wp\/v2\/types\/product"}],"replies":[{"embeddable":true,"href":"https:\/\/samiraparfumeri.com\/index.php?rest_route=%2Fwp%2Fv2%2Fcomments&post=752"}],"wp:featuredmedia":[{"embeddable":true,"href":"https:\/\/samiraparfumeri.com\/index.php?rest_route=\/wp\/v2\/media\/416"}],"wp:attachment":[{"href":"https:\/\/samiraparfumeri.com\/index.php?rest_route=%2Fwp%2Fv2%2Fmedia&parent=752"}],"wp:term":[{"taxonomy":"product_brand","embeddable":true,"href":"https:\/\/samiraparfumeri.com\/index.php?rest_route=%2Fwp%2Fv2%2Fproduct_brand&post=752"},{"taxonomy":"product_cat","embeddable":true,"href":"https:\/\/samiraparfumeri.com\/index.php?rest_route=%2Fwp%2Fv2%2Fproduct_cat&post=752"},{"taxonomy":"product_tag","embeddable":true,"href":"https:\/\/samiraparfumeri.com\/index.php?rest_route=%2Fwp%2Fv2%2Fproduct_tag&post=752"}],"curies":[{"name":"wp","href":"https:\/\/api.w.org\/{rel}","templated":true}]}}