{"id":753,"date":"2025-06-16T11:20:30","date_gmt":"2025-06-16T08:20:30","guid":{"rendered":"https:\/\/samiraparfumeri.com\/?post_type=product&#038;p=753"},"modified":"2025-06-20T13:35:31","modified_gmt":"2025-06-20T10:35:31","slug":"yves-saint-laurent-libre-intense-edp-90-ml-2","status":"publish","type":"product","link":"https:\/\/samiraparfumeri.com\/?product=yves-saint-laurent-libre-intense-edp-90-ml-2","title":{"rendered":"Yves Saint Laurent Libre Intense EDP 90 ML"},"content":{"rendered":"<p>LIBRE EAU DE PARFUM INTENSE, Yves Saint Laurent&#8217;in yeni kad\u0131n parf\u00fcm\u00fc.\u00d6zg\u00fcrl\u00fc\u011f\u00fcn\u00fc hayk\u0131ran ve i\u00e7g\u00fcd\u00fclerini takip eden cesur kad\u0131nlar\u0131n parf\u00fcm\u00fc.\u0130\u00e7g\u00fcd\u00fcsel, vah\u015fi ve \u00f6zg\u00fcr kad\u0131nlar\u0131n kokusu.LIBRE&#8217;nin ikonik i\u00e7erik yap\u0131s\u0131nda olan Frans\u0131z lavantas\u0131 ile Fas&#8217;tan gelen portakal \u00e7i\u00e7e\u011fi aras\u0131ndaki ate\u015fli gerginlik, cezbedici ve \u015fehvetli bir \u015fekilde yeniden yorumland\u0131. Eriyen \u00e7i\u00e7eksi notalar\u0131n yo\u011funlu\u011funda portakal \u00e7i\u00e7e\u011fi ile yak\u0131c\u0131 orkide akoru birle\u015fti.\u00a0\u00a0\u00a0\u00a0\u00a0\u00a0\u00a0\u00a0\u00a0\u00a0\u00a0\u00a0\u0130konik LIBRE \u015fi\u015fesi erkeksilik ve kad\u0131ns\u0131l\u0131k aras\u0131ndaki parf\u00fcm uyumunu yans\u0131t\u0131r. Smokinin i\u00e7ine giydirilmi\u015f d\u00fcz geometrik bir siluet. T\u00fcm kodlar\u0131 k\u0131ran b\u00fcy\u00fck boyuttaki couture Cassandre, \u015fi\u015feye b\u00fck\u00fcld\u00fc ve \u00e7ivilendi.LIBRE Intense ate\u015f ile alt\u0131n aras\u0131nda yeni rengini ald\u0131. Arzulanan ikonik LIBRE \u015fi\u015fesi ile bu yeni erkek parf\u00fcm\u00fc rengi en kad\u0131ns\u0131 tarzda yorumland\u0131.\u00d6zg\u00fcrl\u00fc\u011f\u00fcn hayk\u0131r\u0131\u015f\u0131 gibi bir koku, her \u015feyi \u00f6l\u00e7\u00fcs\u00fczce ya\u015fama \u00f6zg\u00fcrl\u00fc\u011f\u00fc.\u00dcst: Mandalina &#8211; bergamot &#8211; Fransa&#8217;dan lavantaKalp: Diva lavanta \u00f6z\u00fc &#8211; yasemin &#8211; orkide\u2013 Fas\u2019tan portakal \u00e7i\u00e7e\u011fiDip: Madagaskar\u2019dan vanilya \u2013 vetiver \u2013 gri amber &#8211; Venezuela&#8217;dan tonka tohumu<\/p>\n","protected":false},"excerpt":{"rendered":"<p>LIBRE EAU DE PARFUM INTENSE, Yves Saint Laurent&#8217;in yeni kad\u0131n parf\u00fcm\u00fc.\u00d6zg\u00fcrl\u00fc\u011f\u00fcn\u00fc hayk\u0131ran ve i\u00e7g\u00fcd\u00fclerini takip eden cesur kad\u0131nlar\u0131n parf\u00fcm\u00fc.\u0130\u00e7g\u00fcd\u00fcsel, vah\u015fi ve \u00f6zg\u00fcr kad\u0131nlar\u0131n kokusu.LIBRE&#8217;nin ikonik i\u00e7erik yap\u0131s\u0131nda olan Frans\u0131z lavantas\u0131 ile Fas&#8217;tan gelen portakal \u00e7i\u00e7e\u011fi aras\u0131ndaki ate\u015fli gerginlik, cezbedici ve \u015fehvetli bir \u015fekilde yeniden yorumland\u0131. Eriyen \u00e7i\u00e7eksi notalar\u0131n yo\u011funlu\u011funda portakal \u00e7i\u00e7e\u011fi ile yak\u0131c\u0131 orkide akoru&#8230;<\/p>\n","protected":false},"featured_media":486,"comment_status":"open","ping_status":"closed","template":"","meta":{"_kad_post_transparent":"default","_kad_post_title":"","_kad_post_layout":"default","_kad_post_sidebar_id":"","_kad_post_content_style":"default","_kad_post_vertical_padding":"default","_kad_post_feature":"","_kad_post_feature_position":"","_kad_post_header":false,"_kad_post_footer":false},"product_brand":[],"product_cat":[23],"product_tag":[58,76,27,28,67],"class_list":{"0":"post-753","1":"product","2":"type-product","3":"status-publish","4":"has-post-thumbnail","6":"product_cat-hediye-urunler","7":"product_tag-kadin-parfum","8":"product_tag-libre","9":"product_tag-luks-koku","10":"product_tag-orijinal-urun","11":"product_tag-yves-saint-laurent","13":"first","14":"instock","15":"sale","16":"taxable","17":"shipping-taxable","18":"purchasable","19":"product-type-simple","20":"entry","21":"content-bg","22":"loop-entry"},"_links":{"self":[{"href":"https:\/\/samiraparfumeri.com\/index.php?rest_route=\/wp\/v2\/product\/753","targetHints":{"allow":["GET"]}}],"collection":[{"href":"https:\/\/samiraparfumeri.com\/index.php?rest_route=\/wp\/v2\/product"}],"about":[{"href":"https:\/\/samiraparfumeri.com\/index.php?rest_route=\/wp\/v2\/types\/product"}],"replies":[{"embeddable":true,"href":"https:\/\/samiraparfumeri.com\/index.php?rest_route=%2Fwp%2Fv2%2Fcomments&post=753"}],"wp:featuredmedia":[{"embeddable":true,"href":"https:\/\/samiraparfumeri.com\/index.php?rest_route=\/wp\/v2\/media\/486"}],"wp:attachment":[{"href":"https:\/\/samiraparfumeri.com\/index.php?rest_route=%2Fwp%2Fv2%2Fmedia&parent=753"}],"wp:term":[{"taxonomy":"product_brand","embeddable":true,"href":"https:\/\/samiraparfumeri.com\/index.php?rest_route=%2Fwp%2Fv2%2Fproduct_brand&post=753"},{"taxonomy":"product_cat","embeddable":true,"href":"https:\/\/samiraparfumeri.com\/index.php?rest_route=%2Fwp%2Fv2%2Fproduct_cat&post=753"},{"taxonomy":"product_tag","embeddable":true,"href":"https:\/\/samiraparfumeri.com\/index.php?rest_route=%2Fwp%2Fv2%2Fproduct_tag&post=753"}],"curies":[{"name":"wp","href":"https:\/\/api.w.org\/{rel}","templated":true}]}}