{"id":840,"date":"2025-06-23T11:53:39","date_gmt":"2025-06-23T08:53:39","guid":{"rendered":"https:\/\/samiraparfumeri.com\/?post_type=product&#038;p=840"},"modified":"2025-06-23T11:53:55","modified_gmt":"2025-06-23T08:53:55","slug":"212-vip-rose-100-ml-kopya","status":"publish","type":"product","link":"https:\/\/samiraparfumeri.com\/?product=212-vip-rose-100-ml-kopya","title":{"rendered":"212 VIP Ros\u00e9 100 ML"},"content":{"rendered":"<p>212 VIP ROS\u00c9 ile partiler daha enerjik, daha ba\u015ftan \u00e7\u0131kar\u0131c\u0131 ve daha g\u00f6steri\u015fli\u2026Kendine \u00f6zg\u00fc, yarat\u0131c\u0131, spontane ve sofistike; gece g\u00fcnd\u00fcz partiye haz\u0131r kad\u0131nlar\u0131n kokusu. Feminen, taze ve \u015fehvetli 212 VIP ROS\u00c9`nin \u00fcst notalar\u0131nda; Rose \u015eampanya, orta notalar\u0131nda \u015eeftali \u00c7i\u00e7e\u011fi ve dip notalar\u0131nda Krali\u00e7e A\u011fac\u0131 bulunmaktad\u0131r. Rose \u015eampanya ile meyvemsi tazeli\u011fi, \u015eeftali \u00c7i\u00e7e\u011fi ile kad\u0131ns\u0131l\u0131\u011f\u0131 ve son olarak Krali\u00e7e A\u011fac\u0131 ile y\u00fcksek dozda ba\u011f\u0131ml\u0131l\u0131k yaratan \u015fehvetli odunsu kokuyu hissedebilirsiniz.<\/p>\n","protected":false},"excerpt":{"rendered":"<p>212 VIP ROS\u00c9 ile partiler daha enerjik, daha ba\u015ftan \u00e7\u0131kar\u0131c\u0131 ve daha g\u00f6steri\u015fli\u2026Kendine \u00f6zg\u00fc, yarat\u0131c\u0131, spontane ve sofistike; gece g\u00fcnd\u00fcz partiye haz\u0131r kad\u0131nlar\u0131n kokusu. Feminen, taze ve \u015fehvetli 212 VIP ROS\u00c9`nin \u00fcst notalar\u0131nda; Rose \u015eampanya, orta notalar\u0131nda \u015eeftali \u00c7i\u00e7e\u011fi ve dip notalar\u0131nda Krali\u00e7e A\u011fac\u0131 bulunmaktad\u0131r. Rose \u015eampanya ile meyvemsi tazeli\u011fi, \u015eeftali \u00c7i\u00e7e\u011fi ile kad\u0131ns\u0131l\u0131\u011f\u0131 ve&#8230;<\/p>\n","protected":false},"featured_media":836,"comment_status":"open","ping_status":"closed","template":"","meta":{"_kad_post_transparent":"default","_kad_post_title":"","_kad_post_layout":"default","_kad_post_sidebar_id":"","_kad_post_content_style":"default","_kad_post_vertical_padding":"default","_kad_post_feature":"","_kad_post_feature_position":"","_kad_post_header":false,"_kad_post_footer":false},"product_brand":[],"product_cat":[23],"product_tag":[75,58,27,28],"class_list":{"0":"post-840","1":"product","2":"type-product","3":"status-publish","4":"has-post-thumbnail","6":"product_cat-hediye-urunler","7":"product_tag-carolina-herrera","8":"product_tag-kadin-parfum","9":"product_tag-luks-koku","10":"product_tag-orijinal-urun","12":"first","13":"instock","14":"sale","15":"taxable","16":"shipping-taxable","17":"purchasable","18":"product-type-simple","19":"entry","20":"content-bg","21":"loop-entry"},"_links":{"self":[{"href":"https:\/\/samiraparfumeri.com\/index.php?rest_route=\/wp\/v2\/product\/840","targetHints":{"allow":["GET"]}}],"collection":[{"href":"https:\/\/samiraparfumeri.com\/index.php?rest_route=\/wp\/v2\/product"}],"about":[{"href":"https:\/\/samiraparfumeri.com\/index.php?rest_route=\/wp\/v2\/types\/product"}],"replies":[{"embeddable":true,"href":"https:\/\/samiraparfumeri.com\/index.php?rest_route=%2Fwp%2Fv2%2Fcomments&post=840"}],"wp:featuredmedia":[{"embeddable":true,"href":"https:\/\/samiraparfumeri.com\/index.php?rest_route=\/wp\/v2\/media\/836"}],"wp:attachment":[{"href":"https:\/\/samiraparfumeri.com\/index.php?rest_route=%2Fwp%2Fv2%2Fmedia&parent=840"}],"wp:term":[{"taxonomy":"product_brand","embeddable":true,"href":"https:\/\/samiraparfumeri.com\/index.php?rest_route=%2Fwp%2Fv2%2Fproduct_brand&post=840"},{"taxonomy":"product_cat","embeddable":true,"href":"https:\/\/samiraparfumeri.com\/index.php?rest_route=%2Fwp%2Fv2%2Fproduct_cat&post=840"},{"taxonomy":"product_tag","embeddable":true,"href":"https:\/\/samiraparfumeri.com\/index.php?rest_route=%2Fwp%2Fv2%2Fproduct_tag&post=840"}],"curies":[{"name":"wp","href":"https:\/\/api.w.org\/{rel}","templated":true}]}}