{"id":843,"date":"2025-06-23T12:15:50","date_gmt":"2025-06-23T09:15:50","guid":{"rendered":"https:\/\/samiraparfumeri.com\/?post_type=product&#038;p=843"},"modified":"2025-06-23T12:16:05","modified_gmt":"2025-06-23T09:16:05","slug":"montale-roses-musk-edp-100-ml-unisex-parfum-2","status":"publish","type":"product","link":"https:\/\/samiraparfumeri.com\/?product=montale-roses-musk-edp-100-ml-unisex-parfum-2","title":{"rendered":"Montale Roses Musk Edp 100 ml Unisex Parf\u00fcm"},"content":{"rendered":"<div class=\"m-productDescription__infoTitle\"><strong>\u00dcr\u00fcn \u00d6zellikleri<\/strong><\/div>\n<div class=\"m-productDescription__infoDesc\">Sade ve do\u011frudan aromatik bile\u015fimi, nadir misk ile uyumla\u015ft\u0131r\u0131lm\u0131\u015f ve bir yasemin dokunu\u015fuyla alt\u0131 \u00e7izilen g\u00fcllerin en saf notalar\u0131n\u0131 temsil eder<br \/>\nT\u00fcm y\u0131l boyunca g\u00fcnd\u00fcz ve ak\u015fam giyimi i\u00e7in uygundur<br \/>\nP\u0131r\u0131l p\u0131r\u0131l do\u011fas\u0131 yaz g\u00fcnlerinde en iyi \u015fekilde g\u00f6ze \u00e7arpmaktad\u0131r<br \/>\n100 ml<\/div>\n","protected":false},"excerpt":{"rendered":"<p>\u00dcr\u00fcn \u00d6zellikleri Sade ve do\u011frudan aromatik bile\u015fimi, nadir misk ile uyumla\u015ft\u0131r\u0131lm\u0131\u015f ve bir yasemin dokunu\u015fuyla alt\u0131 \u00e7izilen g\u00fcllerin en saf notalar\u0131n\u0131 temsil eder T\u00fcm y\u0131l boyunca g\u00fcnd\u00fcz ve ak\u015fam giyimi i\u00e7in uygundur P\u0131r\u0131l p\u0131r\u0131l do\u011fas\u0131 yaz g\u00fcnlerinde en iyi \u015fekilde g\u00f6ze \u00e7arpmaktad\u0131r 100 ml<\/p>\n","protected":false},"featured_media":842,"comment_status":"open","ping_status":"closed","template":"","meta":{"_kad_post_transparent":"default","_kad_post_title":"","_kad_post_layout":"default","_kad_post_sidebar_id":"","_kad_post_content_style":"default","_kad_post_vertical_padding":"default","_kad_post_feature":"","_kad_post_feature_position":"","_kad_post_header":false,"_kad_post_footer":false},"product_brand":[],"product_cat":[23],"product_tag":[],"class_list":{"0":"post-843","1":"product","2":"type-product","3":"status-publish","4":"has-post-thumbnail","6":"product_cat-hediye-urunler","8":"first","9":"instock","10":"sale","11":"taxable","12":"shipping-taxable","13":"purchasable","14":"product-type-simple","15":"entry","16":"content-bg","17":"loop-entry"},"_links":{"self":[{"href":"https:\/\/samiraparfumeri.com\/index.php?rest_route=\/wp\/v2\/product\/843","targetHints":{"allow":["GET"]}}],"collection":[{"href":"https:\/\/samiraparfumeri.com\/index.php?rest_route=\/wp\/v2\/product"}],"about":[{"href":"https:\/\/samiraparfumeri.com\/index.php?rest_route=\/wp\/v2\/types\/product"}],"replies":[{"embeddable":true,"href":"https:\/\/samiraparfumeri.com\/index.php?rest_route=%2Fwp%2Fv2%2Fcomments&post=843"}],"wp:featuredmedia":[{"embeddable":true,"href":"https:\/\/samiraparfumeri.com\/index.php?rest_route=\/wp\/v2\/media\/842"}],"wp:attachment":[{"href":"https:\/\/samiraparfumeri.com\/index.php?rest_route=%2Fwp%2Fv2%2Fmedia&parent=843"}],"wp:term":[{"taxonomy":"product_brand","embeddable":true,"href":"https:\/\/samiraparfumeri.com\/index.php?rest_route=%2Fwp%2Fv2%2Fproduct_brand&post=843"},{"taxonomy":"product_cat","embeddable":true,"href":"https:\/\/samiraparfumeri.com\/index.php?rest_route=%2Fwp%2Fv2%2Fproduct_cat&post=843"},{"taxonomy":"product_tag","embeddable":true,"href":"https:\/\/samiraparfumeri.com\/index.php?rest_route=%2Fwp%2Fv2%2Fproduct_tag&post=843"}],"curies":[{"name":"wp","href":"https:\/\/api.w.org\/{rel}","templated":true}]}}