{"id":844,"date":"2025-06-23T12:22:44","date_gmt":"2025-06-23T09:22:44","guid":{"rendered":"https:\/\/samiraparfumeri.com\/?post_type=product&#038;p=844"},"modified":"2025-06-23T12:22:45","modified_gmt":"2025-06-23T09:22:45","slug":"viktor-rolf-spicebomb-extreme-edp-90ml-erkek-parfum","status":"publish","type":"product","link":"https:\/\/samiraparfumeri.com\/?product=viktor-rolf-spicebomb-extreme-edp-90ml-erkek-parfum","title":{"rendered":"Viktor Rolf Spicebomb Extreme EDP 90ML Erkek Parf\u00fcm"},"content":{"rendered":"<p>Viktor&amp;Rolf, mask\u00fclen ve g\u00fc\u00e7l\u00fc erkekler i\u00e7in Spicebomb\u2019u yaratt\u0131. G\u00fc\u00e7l\u00fcl\u00fc\u011f\u00fc, cesareti ve \u00e7ekicili\u011fi yans\u0131tan bu parf\u00fcm, daha da yo\u011fun baharatlar\u0131n kar\u0131\u015f\u0131m\u0131yla yarat\u0131lan yo\u011fun kokusuyla her a\u00e7\u0131dan mask\u00fclenli\u011fi ortaya \u00e7\u0131karacak \u00f6zel bir el bombas\u0131n\u0131n g\u00fcc\u00fcn\u00fc temsil ediyor.<\/p>\n","protected":false},"excerpt":{"rendered":"<p>Viktor&amp;Rolf, mask\u00fclen ve g\u00fc\u00e7l\u00fc erkekler i\u00e7in Spicebomb\u2019u yaratt\u0131. G\u00fc\u00e7l\u00fcl\u00fc\u011f\u00fc, cesareti ve \u00e7ekicili\u011fi yans\u0131tan bu parf\u00fcm, daha da yo\u011fun baharatlar\u0131n kar\u0131\u015f\u0131m\u0131yla yarat\u0131lan yo\u011fun kokusuyla her a\u00e7\u0131dan mask\u00fclenli\u011fi ortaya \u00e7\u0131karacak \u00f6zel bir el bombas\u0131n\u0131n g\u00fcc\u00fcn\u00fc temsil ediyor.<\/p>\n","protected":false},"featured_media":845,"comment_status":"open","ping_status":"closed","template":"","meta":{"_kad_post_transparent":"default","_kad_post_title":"","_kad_post_layout":"default","_kad_post_sidebar_id":"","_kad_post_content_style":"default","_kad_post_vertical_padding":"default","_kad_post_feature":"","_kad_post_feature_position":"","_kad_post_header":false,"_kad_post_footer":false},"product_brand":[104],"product_cat":[21],"product_tag":[26,27,28,105],"class_list":{"0":"post-844","1":"product","2":"type-product","3":"status-publish","4":"has-post-thumbnail","6":"product_brand-viktor-rolf","7":"product_cat-erkek","8":"product_tag-erkek-parfum","9":"product_tag-luks-koku","10":"product_tag-orijinal-urun","11":"product_tag-viktor-rolf","13":"first","14":"instock","15":"sale","16":"taxable","17":"shipping-taxable","18":"purchasable","19":"product-type-simple","20":"entry","21":"content-bg","22":"loop-entry"},"_links":{"self":[{"href":"https:\/\/samiraparfumeri.com\/index.php?rest_route=\/wp\/v2\/product\/844","targetHints":{"allow":["GET"]}}],"collection":[{"href":"https:\/\/samiraparfumeri.com\/index.php?rest_route=\/wp\/v2\/product"}],"about":[{"href":"https:\/\/samiraparfumeri.com\/index.php?rest_route=\/wp\/v2\/types\/product"}],"replies":[{"embeddable":true,"href":"https:\/\/samiraparfumeri.com\/index.php?rest_route=%2Fwp%2Fv2%2Fcomments&post=844"}],"wp:featuredmedia":[{"embeddable":true,"href":"https:\/\/samiraparfumeri.com\/index.php?rest_route=\/wp\/v2\/media\/845"}],"wp:attachment":[{"href":"https:\/\/samiraparfumeri.com\/index.php?rest_route=%2Fwp%2Fv2%2Fmedia&parent=844"}],"wp:term":[{"taxonomy":"product_brand","embeddable":true,"href":"https:\/\/samiraparfumeri.com\/index.php?rest_route=%2Fwp%2Fv2%2Fproduct_brand&post=844"},{"taxonomy":"product_cat","embeddable":true,"href":"https:\/\/samiraparfumeri.com\/index.php?rest_route=%2Fwp%2Fv2%2Fproduct_cat&post=844"},{"taxonomy":"product_tag","embeddable":true,"href":"https:\/\/samiraparfumeri.com\/index.php?rest_route=%2Fwp%2Fv2%2Fproduct_tag&post=844"}],"curies":[{"name":"wp","href":"https:\/\/api.w.org\/{rel}","templated":true}]}}