{"id":851,"date":"2025-06-23T12:32:13","date_gmt":"2025-06-23T09:32:13","guid":{"rendered":"https:\/\/samiraparfumeri.com\/?post_type=product&#038;p=851"},"modified":"2025-06-23T12:32:24","modified_gmt":"2025-06-23T09:32:24","slug":"dior-jadore-100-ml-2","status":"publish","type":"product","link":"https:\/\/samiraparfumeri.com\/?product=dior-jadore-100-ml-2","title":{"rendered":"Dior J&#8217;adore 100 ML"},"content":{"rendered":"<p>Bu Eau de Parfum, c\u00f6mert ve iyi dengelenmi\u015f bir buket ile kad\u0131nlar i\u00e7in ideal bir Dior parf\u00fcm\u00fc. Ylang Ylang&#8217;\u0131 Comoro Adalar\u0131, Damask Rose ve Sambac Jasmine&#8217;den kutlayarak, J&#8217;adore Eau de Parfum, bah\u00e7elerden asil \u00e7i\u00e7ekleri birle\u015ftirir.,Amfora \u015fekilli \u015fi\u015fesinin akan ve duyusal e\u011frileri onu efsanevi bir koku haline getirmi\u015ftir. Efsane haline gelen duyusal ve zarif bir koku.<\/p>\n","protected":false},"excerpt":{"rendered":"<p>Bu Eau de Parfum, c\u00f6mert ve iyi dengelenmi\u015f bir buket ile kad\u0131nlar i\u00e7in ideal bir Dior parf\u00fcm\u00fc. Ylang Ylang&#8217;\u0131 Comoro Adalar\u0131, Damask Rose ve Sambac Jasmine&#8217;den kutlayarak, J&#8217;adore Eau de Parfum, bah\u00e7elerden asil \u00e7i\u00e7ekleri birle\u015ftirir.,Amfora \u015fekilli \u015fi\u015fesinin akan ve duyusal e\u011frileri onu efsanevi bir koku haline getirmi\u015ftir. Efsane haline gelen duyusal ve zarif bir koku.<\/p>\n","protected":false},"featured_media":849,"comment_status":"open","ping_status":"closed","template":"","meta":{"_kad_post_transparent":"default","_kad_post_title":"","_kad_post_layout":"default","_kad_post_sidebar_id":"","_kad_post_content_style":"default","_kad_post_vertical_padding":"default","_kad_post_feature":"","_kad_post_feature_position":"","_kad_post_header":false,"_kad_post_footer":false},"product_brand":[],"product_cat":[23],"product_tag":[],"class_list":{"0":"post-851","1":"product","2":"type-product","3":"status-publish","4":"has-post-thumbnail","6":"product_cat-hediye-urunler","8":"first","9":"instock","10":"sale","11":"taxable","12":"shipping-taxable","13":"purchasable","14":"product-type-simple","15":"entry","16":"content-bg","17":"loop-entry"},"_links":{"self":[{"href":"https:\/\/samiraparfumeri.com\/index.php?rest_route=\/wp\/v2\/product\/851","targetHints":{"allow":["GET"]}}],"collection":[{"href":"https:\/\/samiraparfumeri.com\/index.php?rest_route=\/wp\/v2\/product"}],"about":[{"href":"https:\/\/samiraparfumeri.com\/index.php?rest_route=\/wp\/v2\/types\/product"}],"replies":[{"embeddable":true,"href":"https:\/\/samiraparfumeri.com\/index.php?rest_route=%2Fwp%2Fv2%2Fcomments&post=851"}],"wp:featuredmedia":[{"embeddable":true,"href":"https:\/\/samiraparfumeri.com\/index.php?rest_route=\/wp\/v2\/media\/849"}],"wp:attachment":[{"href":"https:\/\/samiraparfumeri.com\/index.php?rest_route=%2Fwp%2Fv2%2Fmedia&parent=851"}],"wp:term":[{"taxonomy":"product_brand","embeddable":true,"href":"https:\/\/samiraparfumeri.com\/index.php?rest_route=%2Fwp%2Fv2%2Fproduct_brand&post=851"},{"taxonomy":"product_cat","embeddable":true,"href":"https:\/\/samiraparfumeri.com\/index.php?rest_route=%2Fwp%2Fv2%2Fproduct_cat&post=851"},{"taxonomy":"product_tag","embeddable":true,"href":"https:\/\/samiraparfumeri.com\/index.php?rest_route=%2Fwp%2Fv2%2Fproduct_tag&post=851"}],"curies":[{"name":"wp","href":"https:\/\/api.w.org\/{rel}","templated":true}]}}